{"id":116,"date":"2018-10-16T12:28:50","date_gmt":"2018-10-16T10:28:50","guid":{"rendered":"http:\/\/wp.cws-it-service.de\/?page_id=116"},"modified":"2018-10-16T12:28:50","modified_gmt":"2018-10-16T10:28:50","slug":"monitoring","status":"publish","type":"page","link":"https:\/\/www.s4you-service.de\/?page_id=116","title":{"rendered":"Monitoring"},"content":{"rendered":"<p>\u00dcberwachung Ihrer gesamten IT-Infrastruktur 24&#215;7 mit Ticketsystem und regelm\u00e4\u00dfigem Reporting.<\/p>\n<p>Im St\u00f6rfall \u00fcbernehmen wir die Fehlerbehebung.<\/p>\n","protected":false},"excerpt":{"rendered":"<p>\u00dcberwachung Ihrer gesamten IT-Infrastruktur 24&#215;7 mit Ticketsystem und regelm\u00e4\u00dfigem Reporting. Im St\u00f6rfall \u00fcbernehmen wir die Fehlerbehebung.<\/p>\n","protected":false},"author":2,"featured_media":0,"parent":0,"menu_order":0,"comment_status":"closed","ping_status":"closed","template":"","meta":{"_crdt_document":"","footnotes":""},"class_list":["post-116","page","type-page","status-publish","hentry"],"_links":{"self":[{"href":"https:\/\/www.s4you-service.de\/index.php?rest_route=\/wp\/v2\/pages\/116","targetHints":{"allow":["GET"]}}],"collection":[{"href":"https:\/\/www.s4you-service.de\/index.php?rest_route=\/wp\/v2\/pages"}],"about":[{"href":"https:\/\/www.s4you-service.de\/index.php?rest_route=\/wp\/v2\/types\/page"}],"author":[{"embeddable":true,"href":"https:\/\/www.s4you-service.de\/index.php?rest_route=\/wp\/v2\/users\/2"}],"replies":[{"embeddable":true,"href":"https:\/\/www.s4you-service.de\/index.php?rest_route=%2Fwp%2Fv2%2Fcomments&post=116"}],"version-history":[{"count":0,"href":"https:\/\/www.s4you-service.de\/index.php?rest_route=\/wp\/v2\/pages\/116\/revisions"}],"wp:attachment":[{"href":"https:\/\/www.s4you-service.de\/index.php?rest_route=%2Fwp%2Fv2%2Fmedia&parent=116"}],"curies":[{"name":"wp","href":"https:\/\/api.w.org\/{rel}","templated":true}]}}