{"id":309,"date":"2018-10-18T20:07:21","date_gmt":"2018-10-18T18:07:21","guid":{"rendered":"http:\/\/wp.cws-it-service.de\/?page_id=309"},"modified":"2018-10-18T20:07:21","modified_gmt":"2018-10-18T18:07:21","slug":"rollouts","status":"publish","type":"page","link":"https:\/\/www.s4you-service.de\/?page_id=309","title":{"rendered":"Rollouts"},"content":{"rendered":"<p>Vor-Ort Unterst\u00fctzung<\/p>\n<p>\u00dcbernahme von Installationsleistungen<\/p>\n<p>Logistische Aufgaben (Anlieferung, R\u00fccknahme, L\u00f6schung)<\/p>\n<p>Lizenz- und Assetmanagement<\/p>\n","protected":false},"excerpt":{"rendered":"<p>Vor-Ort Unterst\u00fctzung \u00dcbernahme von Installationsleistungen Logistische Aufgaben (Anlieferung, R\u00fccknahme, L\u00f6schung) Lizenz- und Assetmanagement<\/p>\n","protected":false},"author":2,"featured_media":0,"parent":0,"menu_order":0,"comment_status":"closed","ping_status":"closed","template":"","meta":{"_crdt_document":"","footnotes":""},"class_list":["post-309","page","type-page","status-publish","hentry"],"_links":{"self":[{"href":"https:\/\/www.s4you-service.de\/index.php?rest_route=\/wp\/v2\/pages\/309","targetHints":{"allow":["GET"]}}],"collection":[{"href":"https:\/\/www.s4you-service.de\/index.php?rest_route=\/wp\/v2\/pages"}],"about":[{"href":"https:\/\/www.s4you-service.de\/index.php?rest_route=\/wp\/v2\/types\/page"}],"author":[{"embeddable":true,"href":"https:\/\/www.s4you-service.de\/index.php?rest_route=\/wp\/v2\/users\/2"}],"replies":[{"embeddable":true,"href":"https:\/\/www.s4you-service.de\/index.php?rest_route=%2Fwp%2Fv2%2Fcomments&post=309"}],"version-history":[{"count":0,"href":"https:\/\/www.s4you-service.de\/index.php?rest_route=\/wp\/v2\/pages\/309\/revisions"}],"wp:attachment":[{"href":"https:\/\/www.s4you-service.de\/index.php?rest_route=%2Fwp%2Fv2%2Fmedia&parent=309"}],"curies":[{"name":"wp","href":"https:\/\/api.w.org\/{rel}","templated":true}]}}