{"id":9,"date":"2018-10-15T22:15:06","date_gmt":"2018-10-15T20:15:06","guid":{"rendered":"http:\/\/wp.cws-it-service.de\/?page_id=9"},"modified":"2018-10-15T22:15:06","modified_gmt":"2018-10-15T20:15:06","slug":"ueber-uns","status":"publish","type":"page","link":"https:\/\/www.s4you-service.de\/?page_id=9","title":{"rendered":"\u00dcber uns"},"content":{"rendered":"<p>Die S4YOU. ist ein Anbieter f\u00fcr IT-Infrastruktur und IT-Services in Deutschland. Das Unternehmen mit Hauptsitz in Hamburg wurde 2002 gegr\u00fcndet. Wir unterst\u00fctzen mittelst\u00e4ndische Unternehmen aus allen Branchen bei Planung, Realisierung und Betrieb ihrer IT-Landschaft.<\/p>\n<p>Das Produkt- und Dienstleistungsangebot umfasst:<\/p>\n<p>IT-Consulting<br \/>\nDesign von IT-Landschaften<br \/>\nKonzeption und Integration von IT-Systemen<br \/>\nManaged Services (Betriebsunterst\u00fctzung oder Betriebsverantwortung)<br \/>\nVertrieb von Hard- und Software<\/p>\n","protected":false},"excerpt":{"rendered":"<p>Die S4YOU. ist ein Anbieter f\u00fcr IT-Infrastruktur und IT-Services in Deutschland. Das Unternehmen mit Hauptsitz in Hamburg wurde 2002 gegr\u00fcndet. Wir unterst\u00fctzen mittelst\u00e4ndische Unternehmen aus allen Branchen bei Planung, Realisierung und Betrieb ihrer IT-Landschaft. Das Produkt- und Dienstleistungsangebot umfasst: IT-Consulting Design von IT-Landschaften Konzeption und Integration von IT-Systemen Managed Services (Betriebsunterst\u00fctzung oder Betriebsverantwortung) Vertrieb von &hellip; <\/p>\n<p class=\"link-more\"><a href=\"https:\/\/www.s4you-service.de\/?page_id=9\" class=\"more-link\"><span class=\"screen-reader-text\">\u201e\u00dcber uns\u201c<\/span> weiterlesen<\/a><\/p>\n","protected":false},"author":2,"featured_media":417,"parent":0,"menu_order":0,"comment_status":"closed","ping_status":"closed","template":"","meta":{"_crdt_document":"","footnotes":""},"class_list":["post-9","page","type-page","status-publish","has-post-thumbnail","hentry"],"_links":{"self":[{"href":"https:\/\/www.s4you-service.de\/index.php?rest_route=\/wp\/v2\/pages\/9","targetHints":{"allow":["GET"]}}],"collection":[{"href":"https:\/\/www.s4you-service.de\/index.php?rest_route=\/wp\/v2\/pages"}],"about":[{"href":"https:\/\/www.s4you-service.de\/index.php?rest_route=\/wp\/v2\/types\/page"}],"author":[{"embeddable":true,"href":"https:\/\/www.s4you-service.de\/index.php?rest_route=\/wp\/v2\/users\/2"}],"replies":[{"embeddable":true,"href":"https:\/\/www.s4you-service.de\/index.php?rest_route=%2Fwp%2Fv2%2Fcomments&post=9"}],"version-history":[{"count":0,"href":"https:\/\/www.s4you-service.de\/index.php?rest_route=\/wp\/v2\/pages\/9\/revisions"}],"wp:featuredmedia":[{"embeddable":true,"href":"https:\/\/www.s4you-service.de\/index.php?rest_route=\/"}],"wp:attachment":[{"href":"https:\/\/www.s4you-service.de\/index.php?rest_route=%2Fwp%2Fv2%2Fmedia&parent=9"}],"curies":[{"name":"wp","href":"https:\/\/api.w.org\/{rel}","templated":true}]}}