{"id":92,"date":"2018-10-16T12:25:20","date_gmt":"2018-10-16T10:25:20","guid":{"rendered":"http:\/\/wp.cws-it-service.de\/?page_id=92"},"modified":"2018-10-16T12:25:20","modified_gmt":"2018-10-16T10:25:20","slug":"partner","status":"publish","type":"page","link":"https:\/\/www.s4you-service.de\/?page_id=92","title":{"rendered":"Partner"},"content":{"rendered":"<p><strong>IBM<\/strong><br \/>\nAls IBM Business Partner planen, implementieren und betreuen wir Ihre IBM Infrastrukturprojekte. Im Bereich der IBM Power-Server mit IBM i, AIX und Linux sowie f\u00fcr Storage-, SAN-L\u00f6sungen verf\u00fcgen wir \u00fcber extrem hohe Expertisen.<\/p>\n<p><strong>VEEAM<\/strong><br \/>\nist Software f\u00fcr Data Protection virtueller Infrastrukturen.<\/p>\n<p><strong>VMware<\/strong><br \/>\nF\u00fcr mehr als 500.000 Kunden weltweit ist VMware als Pionier der Virtualisierung mit innovativen L\u00f6sungen f\u00fcr Cloud- und Business-Mobilit\u00e4t der vertrauensw\u00fcrdige Plattformanbieter ihrer Wahl.<\/p>\n","protected":false},"excerpt":{"rendered":"<p>IBM Als IBM Business Partner planen, implementieren und betreuen wir Ihre IBM Infrastrukturprojekte. Im Bereich der IBM Power-Server mit IBM i, AIX und Linux sowie f\u00fcr Storage-, SAN-L\u00f6sungen verf\u00fcgen wir \u00fcber extrem hohe Expertisen. VEEAM ist Software f\u00fcr Data Protection virtueller Infrastrukturen. VMware F\u00fcr mehr als 500.000 Kunden weltweit ist VMware als Pionier der Virtualisierung &hellip; <\/p>\n<p class=\"link-more\"><a href=\"https:\/\/www.s4you-service.de\/?page_id=92\" class=\"more-link\"><span class=\"screen-reader-text\">\u201ePartner\u201c<\/span> weiterlesen<\/a><\/p>\n","protected":false},"author":2,"featured_media":0,"parent":0,"menu_order":0,"comment_status":"closed","ping_status":"closed","template":"","meta":{"_crdt_document":"","footnotes":""},"class_list":["post-92","page","type-page","status-publish","hentry"],"_links":{"self":[{"href":"https:\/\/www.s4you-service.de\/index.php?rest_route=\/wp\/v2\/pages\/92","targetHints":{"allow":["GET"]}}],"collection":[{"href":"https:\/\/www.s4you-service.de\/index.php?rest_route=\/wp\/v2\/pages"}],"about":[{"href":"https:\/\/www.s4you-service.de\/index.php?rest_route=\/wp\/v2\/types\/page"}],"author":[{"embeddable":true,"href":"https:\/\/www.s4you-service.de\/index.php?rest_route=\/wp\/v2\/users\/2"}],"replies":[{"embeddable":true,"href":"https:\/\/www.s4you-service.de\/index.php?rest_route=%2Fwp%2Fv2%2Fcomments&post=92"}],"version-history":[{"count":0,"href":"https:\/\/www.s4you-service.de\/index.php?rest_route=\/wp\/v2\/pages\/92\/revisions"}],"wp:attachment":[{"href":"https:\/\/www.s4you-service.de\/index.php?rest_route=%2Fwp%2Fv2%2Fmedia&parent=92"}],"curies":[{"name":"wp","href":"https:\/\/api.w.org\/{rel}","templated":true}]}}