{"id":94,"date":"2018-10-16T12:25:35","date_gmt":"2018-10-16T10:25:35","guid":{"rendered":"http:\/\/wp.cws-it-service.de\/?page_id=94"},"modified":"2018-10-16T12:25:35","modified_gmt":"2018-10-16T10:25:35","slug":"karriere","status":"publish","type":"page","link":"https:\/\/www.s4you-service.de\/?page_id=94","title":{"rendered":"Karriere"},"content":{"rendered":"<p>Bist Du stark genug,<\/p>\n<p>deine Aufgaben mit Leidenschaft, \u00dcberzeugung und hoher Kompetenz f\u00fcr unsere Kunden zu erf\u00fcllen ?<\/p>\n<p>Dann bewirb Dich bei uns !<\/p>\n<p><a href=\"mailto:karriere@s4you-service.de\">karriere@s4you-service.de<\/a><\/p>\n","protected":false},"excerpt":{"rendered":"<p>Bist Du stark genug, deine Aufgaben mit Leidenschaft, \u00dcberzeugung und hoher Kompetenz f\u00fcr unsere Kunden zu erf\u00fcllen ? Dann bewirb Dich bei uns ! karriere@s4you-service.de<\/p>\n","protected":false},"author":2,"featured_media":0,"parent":0,"menu_order":0,"comment_status":"closed","ping_status":"closed","template":"","meta":{"_crdt_document":"","footnotes":""},"class_list":["post-94","page","type-page","status-publish","hentry"],"_links":{"self":[{"href":"https:\/\/www.s4you-service.de\/index.php?rest_route=\/wp\/v2\/pages\/94","targetHints":{"allow":["GET"]}}],"collection":[{"href":"https:\/\/www.s4you-service.de\/index.php?rest_route=\/wp\/v2\/pages"}],"about":[{"href":"https:\/\/www.s4you-service.de\/index.php?rest_route=\/wp\/v2\/types\/page"}],"author":[{"embeddable":true,"href":"https:\/\/www.s4you-service.de\/index.php?rest_route=\/wp\/v2\/users\/2"}],"replies":[{"embeddable":true,"href":"https:\/\/www.s4you-service.de\/index.php?rest_route=%2Fwp%2Fv2%2Fcomments&post=94"}],"version-history":[{"count":0,"href":"https:\/\/www.s4you-service.de\/index.php?rest_route=\/wp\/v2\/pages\/94\/revisions"}],"wp:attachment":[{"href":"https:\/\/www.s4you-service.de\/index.php?rest_route=%2Fwp%2Fv2%2Fmedia&parent=94"}],"curies":[{"name":"wp","href":"https:\/\/api.w.org\/{rel}","templated":true}]}}